{"id":7004,"date":"2025-04-01T07:01:11","date_gmt":"2025-04-01T05:01:11","guid":{"rendered":"https:\/\/www.mp-sales-consulting.de\/?page_id=7004"},"modified":"2025-06-18T11:05:55","modified_gmt":"2025-06-18T09:05:55","slug":"newsletter","status":"publish","type":"page","link":"https:\/\/www.mp-sales-consulting.de\/en\/newsletter\/","title":{"rendered":"Newsletter"},"content":{"rendered":"<h1 style=\"\">Dass du Teil meiner Community werden m&ouml;chtest, freut mich sehr.<\/h1>\n<p style=\"color: rgb(255, 255, 255) !important; --tcb-applied-color: rgb(255, 255, 255) !important;\">In diesem Newsletter erf&auml;hrst du regelm&auml;ssig News und Trends zu Themen rund um Vertrieb und Customer Relationship Management. Nat&uuml;rlich erh&auml;ltst du auch eine Menge wertvoller Tipps f&uuml;r deinen Verkaufsalltag.<\/p>\n<p><!-- Begin Brevo Form --><!-- START - We recommend to place the below code in head tag of your website html  --><!--  END - We recommend to place the above code in head tag of your website html --><!-- START - We recommend to place the below code where you want the form in your website html  -->                                              <span>                          Deine Anmeldung konnte nicht gespeichert werden. Bitte versuche es erneut.                      <\/span>                                                          <span>                          Deine Anmeldung war erfolgreich.                      <\/span>                                                                                                                                                                                                                                                                                                                                                                                                                                                                                                                                                                                                                                  ANMELDEN                                                          <!-- END - We recommend to place the above code where you want the form in your website html  --><!-- START - We recommend to place the below code in footer or bottom of your website html  -->[tcb-script]  window.REQUIRED_CODE_ERROR_MESSAGE = &sbquo;W&auml;hle bitte einen L&auml;ndervorwahl aus.&lsquo;;  window.LOCALE = &sbquo;de&lsquo;;  window.EMAIL_INVALID_MESSAGE = window.SMS_INVALID_MESSAGE = &bdquo;Die eingegebenen Informationen sind nicht g&uuml;ltig. Bitte &uuml;berpr&uuml;fe das Feldformat und versuche es erneut.&ldquo;;  window.REQUIRED_ERROR_MESSAGE = &bdquo;Dieses Feld darf nicht leer sein. &bdquo;;  window.GENERIC_INVALID_MESSAGE = &bdquo;Die eingegebenen Informationen sind nicht g&uuml;ltig. Bitte &uuml;berpr&uuml;fe das Feldformat und versuche es erneut.&ldquo;;  window.translation = {    common: {      selectedList: &sbquo;{quantity} Liste ausgew&auml;hlt&lsquo;,      selectedLists: &sbquo;{quantity} Listen ausgew&auml;hlt&lsquo;,      selectedOption: &sbquo;{quantity} ausgew&auml;hlt&lsquo;,      selectedOptions: &sbquo;{quantity} ausgew&auml;hlt&lsquo;,    }  };  var AUTOHIDE = Boolean(0);[\/tcb-script][tcb-script defer=&ldquo;&ldquo; src=&ldquo;https:\/\/sibforms.com\/forms\/end-form\/build\/main.js&ldquo;][\/tcb-script]<!-- END - We recommend to place the above code in footer or bottom of your website html  --><!-- End Brevo Form --><\/p>\n<p style=\"\">Copyright 2025 <a href=\"https:\/\/www.mp-sales-consulting.de\" target=\"_blank\" style=\"outline: currentcolor;\">MP Sales Consulting GmbH<\/a><\/p>\n<p style=\"\">\n<\/p><p style=\"\"><a href=\"https:\/\/www.mp-sales-consulting.de\/impressum\/\" target=\"_blank\">Impressum<\/a>&nbsp; <a href=\"https:\/\/www.mp-sales-consulting.de\/datenschutz\/\" target=\"_blank\">Datenschutz<\/a><\/p>\n","protected":false},"excerpt":{"rendered":"<p>Dass du Teil meiner Community werden m\u00f6chtest, freut mich sehr. In diesem Newsletter erf\u00e4hrst du regelm\u00e4ssig News und Trends zu Themen rund um Vertrieb und Customer Relationship Management. Nat\u00fcrlich erh\u00e4ltst du auch eine Menge wertvoller Tipps f\u00fcr deinen Verkaufsalltag. Deine Anmeldung konnte nicht gespeichert werden. Bitte versuche es erneut. Deine Anmeldung war erfolgreich. ANMELDEN [tcb-script] [&hellip;]<\/p>\n","protected":false},"author":4,"featured_media":0,"parent":0,"menu_order":0,"comment_status":"closed","ping_status":"closed","template":"","meta":{"footnotes":""},"class_list":["post-7004","page","type-page","status-publish","hentry"],"_links":{"self":[{"href":"https:\/\/www.mp-sales-consulting.de\/en\/wp-json\/wp\/v2\/pages\/7004","targetHints":{"allow":["GET"]}}],"collection":[{"href":"https:\/\/www.mp-sales-consulting.de\/en\/wp-json\/wp\/v2\/pages"}],"about":[{"href":"https:\/\/www.mp-sales-consulting.de\/en\/wp-json\/wp\/v2\/types\/page"}],"author":[{"embeddable":true,"href":"https:\/\/www.mp-sales-consulting.de\/en\/wp-json\/wp\/v2\/users\/4"}],"replies":[{"embeddable":true,"href":"https:\/\/www.mp-sales-consulting.de\/en\/wp-json\/wp\/v2\/comments?post=7004"}],"version-history":[{"count":68,"href":"https:\/\/www.mp-sales-consulting.de\/en\/wp-json\/wp\/v2\/pages\/7004\/revisions"}],"predecessor-version":[{"id":7254,"href":"https:\/\/www.mp-sales-consulting.de\/en\/wp-json\/wp\/v2\/pages\/7004\/revisions\/7254"}],"wp:attachment":[{"href":"https:\/\/www.mp-sales-consulting.de\/en\/wp-json\/wp\/v2\/media?parent=7004"}],"curies":[{"name":"wp","href":"https:\/\/api.w.org\/{rel}","templated":true}]}}